{"id":220601,"date":"2019-02-21T21:54:11","date_gmt":"2019-02-21T21:54:11","guid":{"rendered":"https:\/\/labullangabcn.com\/experiencies\/targeta-regalo\/"},"modified":"2021-06-25T09:25:03","modified_gmt":"2021-06-25T09:25:03","slug":"targeta-regalo","status":"publish","type":"product","link":"https:\/\/labullangabcn.com\/es\/experiencies\/targeta-regalo\/","title":{"rendered":"Targeta regalo"},"content":{"rendered":"<p>[et_pb_section fb_built=&#8221;1&#8243; _builder_version=&#8221;3.22&#8243; custom_padding=&#8221;0px||||false|false&#8221;][et_pb_row _builder_version=&#8221;3.25&#8243; background_size=&#8221;initial&#8221; background_position=&#8221;top_left&#8221; background_repeat=&#8221;repeat&#8221; width=&#8221;100%&#8221; custom_padding=&#8221;0px||0px||false|false&#8221;][et_pb_column type=&#8221;4_4&#8243; _builder_version=&#8221;3.25&#8243; custom_padding=&#8221;|||&#8221; custom_padding__hover=&#8221;|||&#8221;][et_pb_wc_breadcrumb _builder_version=&#8221;4.4.8&#8243;][\/et_pb_wc_breadcrumb][et_pb_wc_cart_notice _builder_version=&#8221;4.4.8&#8243;][\/et_pb_wc_cart_notice][\/et_pb_column][\/et_pb_row][et_pb_row column_structure=&#8221;1_2,1_2&#8243; _builder_version=&#8221;3.25&#8243; background_size=&#8221;initial&#8221; background_position=&#8221;top_left&#8221; background_repeat=&#8221;repeat&#8221; width=&#8221;100%&#8221; custom_padding=&#8221;0px||||false|false&#8221;][et_pb_column type=&#8221;1_2&#8243; _builder_version=&#8221;3.25&#8243; custom_padding=&#8221;|||&#8221; custom_padding__hover=&#8221;|||&#8221;][et_pb_wc_images force_fullwidth=&#8221;on&#8221; admin_label=&#8221;Woo Images&#8221; _builder_version=&#8221;4.4.8&#8243; hover_enabled=&#8221;0&#8243;][\/et_pb_wc_images][et_pb_image _builder_version=&#8221;4.4.8&#8243; alt=&#8221;Regala Experiencia&#8221; title_text=&#8221;Targeta_regal_563x562&#8243; src=&#8221;https:\/\/labullangabcn.com\/wp-content\/uploads\/Targeta_regalo_562x565-1.png&#8221; hover_enabled=&#8221;0&#8243;][\/et_pb_image][\/et_pb_column][et_pb_column type=&#8221;1_2&#8243; _builder_version=&#8221;3.25&#8243; custom_padding=&#8221;|||&#8221; custom_padding__hover=&#8221;|||&#8221;][et_pb_wc_rating _builder_version=&#8221;4.4.8&#8243;][\/et_pb_wc_rating][et_pb_wc_price _builder_version=&#8221;3.0.47&#8243;][\/et_pb_wc_price][et_pb_wc_title _builder_version=&#8221;3.0.47&#8243;][\/et_pb_wc_title][et_pb_wc_description _builder_version=&#8221;3.0.47&#8243;][\/et_pb_wc_description][et_pb_wc_add_to_cart _builder_version=&#8221;4.4.8&#8243;][\/et_pb_wc_add_to_cart][et_pb_wc_meta _builder_version=&#8221;4.4.8&#8243;][\/et_pb_wc_meta][\/et_pb_column][\/et_pb_row][\/et_pb_section]<\/p>\n","protected":false},"excerpt":{"rendered":"<p>Sorprende amigos y familiares con una actividad que combina cultura, diversi\u00f3n y sostenibilidad. Regala una experiencia inolvidable con la que redescubrir Barcelona desde otros ojos. \u00a1La aventura te espera!<\/p>\n<p>Escribe el importe que quieres regalar, los datos del destinatario y la direcci\u00f3n donde quieres que lo enviamos junto con el mensaje de felicitaci\u00f3n que quieres adjuntar.<\/p>\n<p>(El importe se descontar\u00e1 del total cuando se realice una compra. Las tarjetas tienen un a\u00f1o de validez, pero si se te caduca, contacta con nosotros y buscaremos una soluci\u00f3n.)<\/p>\n","protected":false},"featured_media":220391,"template":"","meta":{"_et_pb_use_builder":"on","_et_pb_old_content":"","_et_gb_content_width":""},"giftcard-category":[93],"_links":{"self":[{"href":"https:\/\/labullangabcn.com\/es\/wp-json\/wp\/v2\/product\/220601"}],"collection":[{"href":"https:\/\/labullangabcn.com\/es\/wp-json\/wp\/v2\/product"}],"about":[{"href":"https:\/\/labullangabcn.com\/es\/wp-json\/wp\/v2\/types\/product"}],"wp:featuredmedia":[{"embeddable":true,"href":"https:\/\/labullangabcn.com\/es\/wp-json\/wp\/v2\/media\/220391"}],"wp:attachment":[{"href":"https:\/\/labullangabcn.com\/es\/wp-json\/wp\/v2\/media?parent=220601"}],"wp:term":[{"taxonomy":"giftcard-category","embeddable":true,"href":"https:\/\/labullangabcn.com\/es\/wp-json\/wp\/v2\/giftcard-category?post=220601"}],"curies":[{"name":"wp","href":"https:\/\/api.w.org\/{rel}","templated":true}]}}