{"id":220659,"date":"2019-05-28T22:23:27","date_gmt":"2019-05-28T22:23:27","guid":{"rendered":"https:\/\/labullangabcn.com\/politica-de-cookies\/"},"modified":"2019-05-28T23:01:48","modified_gmt":"2019-05-28T23:01:48","slug":"politica-cookies","status":"publish","type":"page","link":"https:\/\/labullangabcn.com\/es\/politica-cookies\/","title":{"rendered":"Pol\u00edtica de Cookies"},"content":{"rendered":"<p>[et_pb_section fb_built=&#8221;1&#8243; fullwidth=&#8221;on&#8221; _builder_version=&#8221;3.19.10&#8243;][et_pb_fullwidth_slider _builder_version=&#8221;3.19.15&#8243;][et_pb_slide heading=&#8221;Pol\u00edtica de Cookies&#8221; use_bg_overlay=&#8221;off&#8221; use_text_overlay=&#8221;off&#8221; _builder_version=&#8221;3.19.15&#8243; header_font_size=&#8221;60px&#8221; header_font_size_tablet=&#8221;50px&#8221; header_font_size_phone=&#8221;40px&#8221; header_font_size_last_edited=&#8221;on|phone&#8221; use_background_color_gradient=&#8221;on&#8221; background_color_gradient_start=&#8221;rgba(37,43,45,0.5)&#8221; background_color_gradient_end=&#8221;rgba(37,43,45,0.25)&#8221; background_color_gradient_overlays_image=&#8221;on&#8221; background_image=&#8221;https:\/\/labullangabcn.com\/wp-content\/uploads\/FAQs.jpg&#8221; button_on_hover=&#8221;on&#8221;][\/et_pb_slide][\/et_pb_fullwidth_slider][\/et_pb_section][et_pb_section fb_built=&#8221;1&#8243; _builder_version=&#8221;3.19.10&#8243; custom_padding=&#8221;0|0px|0|0px|true|true&#8221;][et_pb_row use_custom_width=&#8221;on&#8221; width_unit=&#8221;off&#8221; custom_padding=&#8221;50px|0px|50px|0px|true|false&#8221; padding_top_bottom_link_1=&#8221;false&#8221; padding_top_1=&#8221;20px&#8221; padding_1_tablet=&#8221;30px||30px||true&#8221; padding_1_phone=&#8221;15px||15px||true&#8221; padding_1_last_edited=&#8221;on|tablet&#8221; _builder_version=&#8221;3.19.10&#8243;][et_pb_column type=&#8221;4_4&#8243; _builder_version=&#8221;3.0.47&#8243;][et_pb_text _builder_version=&#8221;3.21&#8243; custom_margin=&#8221;20px||20px||true&#8221;]<\/p>\n<p>En esta web recopilamos y utilizamos la informaci\u00f3n seg\u00fan se indica en la pol\u00edtica de privacidad. Una de las formas mediante la cual recopilamos informaci\u00f3n es a trav\u00e9s del uso de la tecnolog\u00eda conocida como \u201ccookies\u201d. En <a href=\"https:\/\/labullangabcn.com\/\">La Bullanga<\/a> se utilizan cookies para distintas cosas.<\/p>\n<h2><\/h2>\n<h2>\u00bfQu\u00e9 es una cookie?<\/h2>\n<p>Una cookie es una peque\u00f1a cantidad de texto que se almacena en tu navegador (como Chrome de Google o Safari de Apple) cuando navegas por la mayor\u00eda de los sitios web.<\/p>\n<h2><\/h2>\n<h2>\u00bfQu\u00e9 no es una cookie?<\/h2>\n<p>No es un virus, ni un troyano, ni un gusano, ni spam, ni spyware, ni abre ventanas pop-up.<\/p>\n<h2><\/h2>\n<h2>\u00bfQu\u00e9 informaci\u00f3n almacena una cookie?<\/h2>\n<p>Las cookies no acostumbran a almacenar informaci\u00f3n sensible, como tarjetas de cr\u00e9dito o datos bancarios, fotograf\u00edas o informaci\u00f3n personal, etc. Los datos que guardan son de car\u00e1cter t\u00e9cnico, estad\u00edsticas, preferencias personales, personalizaci\u00f3n de contenidos, etc.<\/p>\n<p>El servidor web no las asocia a ninguna persona sino al navegador web. De hecho, si se navega habitualmente con el navegador Chrome i se comienza a navegar por la misma web con el navegador Firefox, la web no se da cuenta de que se trata de una misma persona, porque en realidad est\u00e1 asociando la informaci\u00f3n al navegador, no a la persona.<\/p>\n<h2><\/h2>\n<h2>\u00bfQu\u00e9 tipos de cookies hay? <\/h2>\n<ul>\n<li><strong>Cookies t\u00e9cnicas<\/strong>: son las m\u00e1s elementales y permiten, entre otras cosas, saber cuando est\u00e1 navegando un humano o una aplicaci\u00f3n automatizada, cuando navega un usuario an\u00f3nimo y un registro, tareas b\u00e1sicas para el funcionamiento de cualquier web din\u00e1mica.<\/li>\n<li><strong>Cookies de an\u00e1lisis: <\/strong>\u00a0Recogen informaci\u00f3n sobre el tipo de navegaci\u00f3n que est\u00e1 realizando, las secciones que m\u00e1s utiliza, productos consultados, franja horaria de uso, idioma, etc.<\/li>\n<li><strong>Cookies publicitarias: <\/strong>Muestran publicidad en funci\u00f3n de la navegaci\u00f3n, el pa\u00eds de procedencia, idioma, etc.<\/li>\n<\/ul>\n<h2><\/h2>\n<h2>\u00bfQu\u00e9 son las cookies propias y las de terceros?<\/h2>\n<p>Las cookies propias son las generadas por la p\u00e1gina que est\u00e1 visitando y las de terceros son las generadas por servicios o proveedores externos como Mailchimp, Mailrelay, Facebook, Twitter, Google adsense, etc.<\/p>\n<h2><\/h2>\n<h2>\u00bfQu\u00e9 cookies utiliza esta web?<\/h2>\n<p>Esta web utiliza cookies propias y de terceros. En este sitio web se utilizan las cookies que se detallan a continuaci\u00f3n:<\/p>\n<p><strong>Cookies propias:<\/strong><\/p>\n<ul>\n<li><strong> Personalizaci\u00f3n:<\/strong>Las cookies ayudan a recordar con qu\u00e9 personas o sitios web has interactuado, para poder mostrar contenido relacionado.<\/li>\n<li><strong>Preferencias:<\/strong>Las cookies permiten recordar ajuste y preferencias como el idioma preferido y la configuraci\u00f3n de privacidad.<\/li>\n<li><strongSeguridad:<\/strong> cookies que evitan riesgos de seguridad.<\/li>\n<\/ul>\n<p><strong>Cookies de terceros:<\/strong><\/p>\n<p>Esta web utiliza servicios de an\u00e1lisis, concretamente, Google Analytics, para ayudar al website a analizar el uso que hacen los usuarios del sitio web y mejorar la usabilidad, pero en ning\u00fan caso se asocian a datos que pudieran llegar a identificar el usuario. Google Analytics es un servicio anal\u00edtico de web prestado por Google Inc. El usuario puede consultar aqu\u00ed el tipo de cookies utilizadas por Google.<\/p>\n<p>Las cookies de redes sociales pueden almacenarse en su navegador mientras navega por la web de La Bullanga, por ejemplo, cuando se usa el bot\u00f3n de compartir contenidos con alguna red social.<\/p>\n<p>Puedes consultar en cada perfil social el tipo de cookies que se almacenan.<\/p>\n<h2><\/h2>\n<h2>\u00bfSe pueden eliminar las cookies?<\/h2>\n<p>Si, y no solo eliminar, tambi\u00e9n bloquear, de forma general o particular para un dominio espec\u00edfico.<\/p>\n<p>Para eliminar las cookies de un sitio web hace falta acceder a la configuraci\u00f3n del navegador y all\u00ed buscar las asociadas al dominio en cuesti\u00f3n y proceder a eliminarlas.<\/p>\n<ul>\n<li>Configuraci\u00f3n de cookies para\u00a0<a href=\"http:\/\/support.google.com\/chrome\/bin\/answer.py?hl=es&amp;answer=95647\">Google Chrome<\/a><\/li>\n<li>Configuraci\u00f3n de cookies para\u00a0<a href=\"https:\/\/support.apple.com\/es-es\/HT201265\">Apple Safari<\/a><\/li>\n<li>Configuraci\u00f3n de cookies para\u00a0<a href=\"https:\/\/support.microsoft.com\/en-us\/help\/17442\/windows-internet-explorer-delete-manage-cookies#ie=ie-10\">Internet Explorer<\/a><\/li>\n<li>Configuraci\u00f3n de cookies para\u00a0<a href=\"https:\/\/support.mozilla.org\/es\/kb\/habilitar-y-deshabilitar-cookies-sitios-web-rastrear-preferencias?redirectlocale=es&amp;redirectslug=habilitar-y-deshabilitar-cookies-que-los-sitios-we\">Mozilla Firefox<\/a><\/li>\n<\/ul>\n<p>\u00a0Si lo deseas, puedes inhabilitar el seguimiento de Google Analytics, mediante \u00a0<a href=\"https:\/\/tools.google.com\/dlpage\/gaoptout\">este complemento para el navegador ofrecido por Google<\/a>.<\/p>\n<h2><\/h2>\n<h2>M\u00e1s informaci\u00f3n sobre las cookies<\/h2>\n<p>Se puede consultar el reglamento sobre cookies publicado por la Agencia Espa\u00f1ola de Protecci\u00f3n de Datos en su \u201cGu\u00eda sobre el uso de las cookies\u201d y obtener m\u00e1s informaci\u00f3n sobre las cookies en: <a href=\"http:\/\/www.aboutcookies.org\/\">http:\/\/www.aboutcookies.org\/<\/a><\/p>\n<p>Para tener un mayor control sobre la instalaci\u00f3n de cookies, se pueden instalar programas o complementos al navegador, conocidos como herramientas de \u201cDe Not Track\u201d que permiten escoger qu\u00e9 cookies se autoriza.<\/p>\n<p>&nbsp;<\/p>\n<p>[\/et_pb_text][\/et_pb_column][\/et_pb_row][\/et_pb_section][et_pb_section fb_built=&#8221;1&#8243; _builder_version=&#8221;3.19.10&#8243; background_color=&#8221;#252b2d&#8221; custom_padding=&#8221;74px|0px|54px|0px|false|false&#8221;][et_pb_row make_fullwidth=&#8221;on&#8221; _builder_version=&#8221;3.19.10&#8243;][et_pb_column type=&#8221;3_5&#8243; _builder_version=&#8221;3.0.47&#8243;][et_pb_text _builder_version=&#8221;3.19.10&#8243; text_font=&#8221;||||||||&#8221; header_font=&#8221;||||||||&#8221; header_text_align=&#8221;right&#8221; header_text_color=&#8221;#bb001f&#8221; header_font_size=&#8221;50px&#8221; header_2_font=&#8221;||||||||&#8221; header_2_text_align=&#8221;center&#8221; header_2_text_color=&#8221;#bb001f&#8221;]<\/p>\n<h1 style=\"text-align: center;\">\u00bfTe apetece tener una aventura?<\/h1>\n<p>[\/et_pb_text][\/et_pb_column][et_pb_column type=&#8221;2_5&#8243; _builder_version=&#8221;3.0.47&#8243;][et_pb_button button_url=&#8221;https:\/\/labullangabcn.com\/es\/experiencias\/&#8221; button_text=&#8221;Reserva tu experiencia&#8221; button_alignment=&#8221;center&#8221; _builder_version=&#8221;3.21&#8243; custom_button=&#8221;on&#8221; button_text_size=&#8221;20px&#8221; button_text_color=&#8221;#ffffff&#8221; button_border_radius=&#8221;3px&#8221; button_font=&#8221;|||on|||||&#8221; button_use_icon=&#8221;off&#8221; button_text_color__hover_enabled=&#8221;on&#8221; button_text_color__hover=&#8221;#bb001f&#8221; button_bg_color__hover_enabled=&#8221;on&#8221; button_border_width__hover_enabled=&#8221;on&#8221; button_border_width__hover=&#8221;1px&#8221; button_border_color__hover_enabled=&#8221;on&#8221; button_border_color__hover=&#8221;#bb001f&#8221; button_letter_spacing__hover_enabled=&#8221;on&#8221; button_letter_spacing__hover=&#8221;1px&#8221; button_border_color=&#8221;#ffffff&#8221;]<\/p>\n<p>[\/et_pb_button][\/et_pb_column][\/et_pb_row][\/et_pb_section]<\/p>\n","protected":false},"excerpt":{"rendered":"<p>[et_pb_section fb_built=&#8221;1&#8243; fullwidth=&#8221;on&#8221; _builder_version=&#8221;3.19.10&#8243;][et_pb_fullwidth_slider _builder_version=&#8221;3.19.15&#8243;][et_pb_slide heading=&#8221;Pol\u00edtica de Cookies&#8221; use_bg_overlay=&#8221;off&#8221; use_text_overlay=&#8221;off&#8221; _builder_version=&#8221;3.19.15&#8243; header_font_size=&#8221;60px&#8221; header_font_size_tablet=&#8221;50px&#8221; header_font_size_phone=&#8221;40px&#8221; header_font_size_last_edited=&#8221;on|phone&#8221; use_background_color_gradient=&#8221;on&#8221; background_color_gradient_start=&#8221;rgba(37,43,45,0.5)&#8221; background_color_gradient_end=&#8221;rgba(37,43,45,0.25)&#8221; background_color_gradient_overlays_image=&#8221;on&#8221; background_image=&#8221;https:\/\/labullangabcn.com\/wp-content\/uploads\/FAQs.jpg&#8221; button_on_hover=&#8221;on&#8221;][\/et_pb_slide][\/et_pb_fullwidth_slider][\/et_pb_section][et_pb_section fb_built=&#8221;1&#8243; _builder_version=&#8221;3.19.10&#8243; custom_padding=&#8221;0|0px|0|0px|true|true&#8221;][et_pb_row use_custom_width=&#8221;on&#8221; width_unit=&#8221;off&#8221; custom_padding=&#8221;50px|0px|50px|0px|true|false&#8221; padding_top_bottom_link_1=&#8221;false&#8221; padding_top_1=&#8221;20px&#8221; padding_1_tablet=&#8221;30px||30px||true&#8221; padding_1_phone=&#8221;15px||15px||true&#8221; padding_1_last_edited=&#8221;on|tablet&#8221; _builder_version=&#8221;3.19.10&#8243;][et_pb_column type=&#8221;4_4&#8243; _builder_version=&#8221;3.0.47&#8243;][et_pb_text _builder_version=&#8221;3.21&#8243; custom_margin=&#8221;20px||20px||true&#8221;] En esta web recopilamos y utilizamos la informaci\u00f3n seg\u00fan se indica en la pol\u00edtica de privacidad. Una de [&hellip;]<\/p>\n","protected":false},"author":1,"featured_media":0,"parent":0,"menu_order":8,"comment_status":"closed","ping_status":"closed","template":"","meta":{"_et_pb_use_builder":"on","_et_pb_old_content":"","_et_gb_content_width":""},"_links":{"self":[{"href":"https:\/\/labullangabcn.com\/es\/wp-json\/wp\/v2\/pages\/220659"}],"collection":[{"href":"https:\/\/labullangabcn.com\/es\/wp-json\/wp\/v2\/pages"}],"about":[{"href":"https:\/\/labullangabcn.com\/es\/wp-json\/wp\/v2\/types\/page"}],"author":[{"embeddable":true,"href":"https:\/\/labullangabcn.com\/es\/wp-json\/wp\/v2\/users\/1"}],"replies":[{"embeddable":true,"href":"https:\/\/labullangabcn.com\/es\/wp-json\/wp\/v2\/comments?post=220659"}],"version-history":[{"count":0,"href":"https:\/\/labullangabcn.com\/es\/wp-json\/wp\/v2\/pages\/220659\/revisions"}],"wp:attachment":[{"href":"https:\/\/labullangabcn.com\/es\/wp-json\/wp\/v2\/media?parent=220659"}],"curies":[{"name":"wp","href":"https:\/\/api.w.org\/{rel}","templated":true}]}}