{"id":220554,"date":"2019-05-23T22:06:45","date_gmt":"2019-05-23T22:06:45","guid":{"rendered":"https:\/\/labullangabcn.com\/condiciones-del-servicio\/"},"modified":"2019-05-28T23:06:02","modified_gmt":"2019-05-28T23:06:02","slug":"condiciones-servicio","status":"publish","type":"page","link":"https:\/\/labullangabcn.com\/es\/condiciones-servicio\/","title":{"rendered":"Condiciones del servicio"},"content":{"rendered":"<p>[et_pb_section fb_built=&#8221;1&#8243; fullwidth=&#8221;on&#8221; _builder_version=&#8221;3.22.3&#8243;][et_pb_fullwidth_slider _builder_version=&#8221;3.19.15&#8243;][et_pb_slide heading=&#8221;Condiciones del servicio&#8221; use_bg_overlay=&#8221;off&#8221; use_text_overlay=&#8221;off&#8221; _builder_version=&#8221;3.19.15&#8243; header_font_size=&#8221;60px&#8221; use_background_color_gradient=&#8221;on&#8221; background_color_gradient_start=&#8221;rgba(37,43,45,0.5)&#8221; background_color_gradient_end=&#8221;rgba(37,43,45,0.25)&#8221; background_color_gradient_overlays_image=&#8221;on&#8221; background_image=&#8221;https:\/\/labullangabcn.com\/wp-content\/uploads\/FAQs.jpg&#8221; button_on_hover=&#8221;on&#8221; header_font_size_tablet=&#8221;50px&#8221; header_font_size_phone=&#8221;40px&#8221; header_font_size_last_edited=&#8221;on|phone&#8221;][\/et_pb_slide][\/et_pb_fullwidth_slider][\/et_pb_section][et_pb_section fb_built=&#8221;1&#8243; _builder_version=&#8221;3.22.3&#8243; custom_padding=&#8221;0|0px|0|0px|true|true&#8221;][et_pb_row custom_padding=&#8221;50px|0px|50px|0px|true|false&#8221; padding_top_bottom_link_1=&#8221;false&#8221; padding_top_1=&#8221;20px&#8221; padding_1_tablet=&#8221;30px||30px||true&#8221; padding_1_phone=&#8221;15px||15px||true&#8221; padding_1_last_edited=&#8221;on|tablet&#8221; _builder_version=&#8221;3.22.3&#8243; max_width=&#8221;80%&#8221; use_custom_width=&#8221;on&#8221; width_unit=&#8221;off&#8221;][et_pb_column type=&#8221;4_4&#8243; _builder_version=&#8221;3.0.47&#8243;][et_pb_text _builder_version=&#8221;3.21&#8243; custom_margin=&#8221;20px||20px||true&#8221;]<\/p>\n<h3>Cancelaciones y devoluciones de servicios.<\/h3>\n<p>Prospeccions en Sorra, SCCL es responsable del servicio ofrecido bajo el nombre de La Bullanga. En este sentido, el equipo cooperativo se reserva el derecho de cancelar unilateralmente el servicio contratado en todo momento. En ese caso, se ofrecer\u00e1 una fecha alternativa para llevar a cabo el servicio o se ofrecer\u00e1 la devoluci\u00f3n de la cantidad pagada por los usuarios.<\/p>\n<p>Si la cancelaci\u00f3n del servicio es causada por los usuarios, solo se reembolsar\u00e1 el monto si la cancelaci\u00f3n se produjo al menos 72 horas antes del inicio de la actividad contratada. En caso de fuerza mayor, meteorolog\u00eda adversa u otras causas externas que impidan el desarrollo normal del servicio, se estudiar\u00e1 si el servicio puede reubicarse en otra fecha, pero el dinero no se reembolsar\u00e1 si la actividad ya ha comenzado.<\/p>\n<h3>Responsabilidad civil<\/h3>\n<p>Prospeccions en Sorra, SCCL y cualquier miembro de su equipo no son responsables por lesiones personales o inconvenientes sufridos por los usuarios debido a negligencia o da\u00f1os causados por robo, p\u00e9rdida u otros incidentes imprevistos causados por terceros que no sean el servicio ofrecido.<\/p>\n<p>[\/et_pb_text][\/et_pb_column][\/et_pb_row][\/et_pb_section][et_pb_section fb_built=&#8221;1&#8243; _builder_version=&#8221;3.22.3&#8243; background_color=&#8221;#252b2d&#8221; custom_padding=&#8221;74px|0px|54px|0px|false|false&#8221;][et_pb_row module_class=&#8221; et_pb_row_fullwidth&#8221; _builder_version=&#8221;3.22.3&#8243; width=&#8221;94%&#8221; width_tablet=&#8221;80%&#8221; width_last_edited=&#8221;on|desktop&#8221; max_width=&#8221;94%&#8221; max_width_tablet=&#8221;80%&#8221; max_width_last_edited=&#8221;on|desktop&#8221; make_fullwidth=&#8221;on&#8221;][et_pb_column type=&#8221;3_5&#8243; _builder_version=&#8221;3.0.47&#8243;][et_pb_text _builder_version=&#8221;3.19.10&#8243; text_font=&#8221;||||||||&#8221; header_font=&#8221;||||||||&#8221; header_text_align=&#8221;right&#8221; header_text_color=&#8221;#bb001f&#8221; header_font_size=&#8221;50px&#8221; header_2_font=&#8221;||||||||&#8221; header_2_text_align=&#8221;center&#8221; header_2_text_color=&#8221;#bb001f&#8221;]<\/p>\n<h1 style=\"text-align: center;\">\u00bfTe apetece tener una aventura? <\/h1>\n<p>[\/et_pb_text][\/et_pb_column][et_pb_column type=&#8221;2_5&#8243; _builder_version=&#8221;3.0.47&#8243;][et_pb_button button_url=&#8221;https:\/\/labullangabcn.com\/es\/experiencias&#8221; button_text=&#8221;Reserva tu experiencia&#8221; button_alignment=&#8221;center&#8221; _builder_version=&#8221;3.23.2&#8243; custom_button=&#8221;on&#8221; button_text_size=&#8221;20px&#8221; button_text_color=&#8221;#ffffff&#8221; button_border_color=&#8221;#ffffff&#8221; button_border_radius=&#8221;3px&#8221; button_font=&#8221;|||on|||||&#8221; button_use_icon=&#8221;off&#8221; button_text_color__hover_enabled=&#8221;on&#8221; button_text_color__hover=&#8221;#bb001f&#8221; button_bg_color__hover_enabled=&#8221;on&#8221; button_border_width__hover_enabled=&#8221;on&#8221; button_border_width__hover=&#8221;1px&#8221; button_border_color__hover_enabled=&#8221;on&#8221; button_border_color__hover=&#8221;#bb001f&#8221; button_letter_spacing__hover_enabled=&#8221;on&#8221; button_letter_spacing__hover=&#8221;0.5px&#8221;]<br \/>\n[\/et_pb_button][\/et_pb_column][\/et_pb_row][\/et_pb_section]<\/p>\n","protected":false},"excerpt":{"rendered":"<p>[et_pb_section fb_built=&#8221;1&#8243; fullwidth=&#8221;on&#8221; _builder_version=&#8221;3.22.3&#8243;][et_pb_fullwidth_slider _builder_version=&#8221;3.19.15&#8243;][et_pb_slide heading=&#8221;Condiciones del servicio&#8221; use_bg_overlay=&#8221;off&#8221; use_text_overlay=&#8221;off&#8221; _builder_version=&#8221;3.19.15&#8243; header_font_size=&#8221;60px&#8221; use_background_color_gradient=&#8221;on&#8221; background_color_gradient_start=&#8221;rgba(37,43,45,0.5)&#8221; background_color_gradient_end=&#8221;rgba(37,43,45,0.25)&#8221; background_color_gradient_overlays_image=&#8221;on&#8221; background_image=&#8221;https:\/\/labullangabcn.com\/wp-content\/uploads\/FAQs.jpg&#8221; button_on_hover=&#8221;on&#8221; header_font_size_tablet=&#8221;50px&#8221; header_font_size_phone=&#8221;40px&#8221; header_font_size_last_edited=&#8221;on|phone&#8221;][\/et_pb_slide][\/et_pb_fullwidth_slider][\/et_pb_section][et_pb_section fb_built=&#8221;1&#8243; _builder_version=&#8221;3.22.3&#8243; custom_padding=&#8221;0|0px|0|0px|true|true&#8221;][et_pb_row custom_padding=&#8221;50px|0px|50px|0px|true|false&#8221; padding_top_bottom_link_1=&#8221;false&#8221; padding_top_1=&#8221;20px&#8221; padding_1_tablet=&#8221;30px||30px||true&#8221; padding_1_phone=&#8221;15px||15px||true&#8221; padding_1_last_edited=&#8221;on|tablet&#8221; _builder_version=&#8221;3.22.3&#8243; max_width=&#8221;80%&#8221; use_custom_width=&#8221;on&#8221; width_unit=&#8221;off&#8221;][et_pb_column type=&#8221;4_4&#8243; _builder_version=&#8221;3.0.47&#8243;][et_pb_text _builder_version=&#8221;3.21&#8243; custom_margin=&#8221;20px||20px||true&#8221;] Cancelaciones y devoluciones de servicios. Prospeccions en Sorra, SCCL es responsable del servicio ofrecido bajo el nombre [&hellip;]<\/p>\n","protected":false},"author":1,"featured_media":0,"parent":0,"menu_order":9,"comment_status":"closed","ping_status":"closed","template":"","meta":{"_et_pb_use_builder":"on","_et_pb_old_content":"","_et_gb_content_width":""},"_links":{"self":[{"href":"https:\/\/labullangabcn.com\/es\/wp-json\/wp\/v2\/pages\/220554"}],"collection":[{"href":"https:\/\/labullangabcn.com\/es\/wp-json\/wp\/v2\/pages"}],"about":[{"href":"https:\/\/labullangabcn.com\/es\/wp-json\/wp\/v2\/types\/page"}],"author":[{"embeddable":true,"href":"https:\/\/labullangabcn.com\/es\/wp-json\/wp\/v2\/users\/1"}],"replies":[{"embeddable":true,"href":"https:\/\/labullangabcn.com\/es\/wp-json\/wp\/v2\/comments?post=220554"}],"version-history":[{"count":0,"href":"https:\/\/labullangabcn.com\/es\/wp-json\/wp\/v2\/pages\/220554\/revisions"}],"wp:attachment":[{"href":"https:\/\/labullangabcn.com\/es\/wp-json\/wp\/v2\/media?parent=220554"}],"curies":[{"name":"wp","href":"https:\/\/api.w.org\/{rel}","templated":true}]}}