{"id":220552,"date":"2019-05-23T22:03:59","date_gmt":"2019-05-23T22:03:59","guid":{"rendered":"https:\/\/labullangabcn.com\/aviso-legal\/"},"modified":"2019-05-28T23:03:11","modified_gmt":"2019-05-28T23:03:11","slug":"aviso-legal","status":"publish","type":"page","link":"https:\/\/labullangabcn.com\/es\/aviso-legal\/","title":{"rendered":"Av\u00edso legal"},"content":{"rendered":"<p>[et_pb_section bb_built=&#8221;1&#8243; fullwidth=&#8221;on&#8221; _builder_version=&#8221;3.19.10&#8243; next_background_color=&#8221;#000000&#8243; inner_width=&#8221;auto&#8221; inner_max_width=&#8221;none&#8221;][et_pb_fullwidth_slider _builder_version=&#8221;3.21&#8243;][et_pb_slide heading=&#8221;Av\u00edso Legal&#8221; use_bg_overlay=&#8221;off&#8221; use_text_overlay=&#8221;off&#8221; _builder_version=&#8221;3.19.17&#8243; header_font_size=&#8221;60px&#8221; header_font_size_tablet=&#8221;50px&#8221; header_font_size_phone=&#8221;40px&#8221; header_font_size_last_edited=&#8221;on|phone&#8221; use_background_color_gradient=&#8221;on&#8221; background_color_gradient_start=&#8221;rgba(37,43,45,0.5)&#8221; background_color_gradient_end=&#8221;rgba(37,43,45,0.25)&#8221; background_color_gradient_overlays_image=&#8221;on&#8221; background_image=&#8221;https:\/\/labullangabcn.com\/wp-content\/uploads\/FAQs.jpg&#8221; button_on_hover=&#8221;on&#8221;][\/et_pb_slide][\/et_pb_fullwidth_slider][\/et_pb_section][et_pb_section bb_built=&#8221;1&#8243; _builder_version=&#8221;3.19.10&#8243; custom_padding=&#8221;0|0px|0|0px|true|true&#8221; prev_background_color=&#8221;#000000&#8243; next_background_color=&#8221;#252b2d&#8221; inner_width=&#8221;auto&#8221; inner_max_width=&#8221;none&#8221;][et_pb_row use_custom_width=&#8221;on&#8221; width_unit=&#8221;off&#8221; custom_padding=&#8221;50px|0px|50px|0px|true|false&#8221; padding_top_bottom_link_1=&#8221;false&#8221; padding_top_1=&#8221;20px&#8221; padding_1_tablet=&#8221;30px||30px||true&#8221; padding_1_phone=&#8221;15px||15px||true&#8221; padding_1_last_edited=&#8221;on|tablet&#8221; _builder_version=&#8221;3.19.10&#8243; max_width=&#8221;80%&#8221;][et_pb_column type=&#8221;4_4&#8243;][et_pb_text _builder_version=&#8221;3.22.7&#8243; custom_margin=&#8221;20px||20px||true&#8221; text_text_shadow_horizontal_length=&#8221;text_text_shadow_style,%91object Object%93&#8243; text_text_shadow_vertical_length=&#8221;text_text_shadow_style,%91object Object%93&#8243; text_text_shadow_blur_strength=&#8221;text_text_shadow_style,%91object Object%93&#8243; link_text_shadow_horizontal_length=&#8221;link_text_shadow_style,%91object Object%93&#8243; link_text_shadow_vertical_length=&#8221;link_text_shadow_style,%91object Object%93&#8243; link_text_shadow_blur_strength=&#8221;link_text_shadow_style,%91object Object%93&#8243; ul_text_shadow_horizontal_length=&#8221;ul_text_shadow_style,%91object Object%93&#8243; ul_text_shadow_vertical_length=&#8221;ul_text_shadow_style,%91object Object%93&#8243; ul_text_shadow_blur_strength=&#8221;ul_text_shadow_style,%91object Object%93&#8243; ol_text_shadow_horizontal_length=&#8221;ol_text_shadow_style,%91object Object%93&#8243; ol_text_shadow_vertical_length=&#8221;ol_text_shadow_style,%91object Object%93&#8243; ol_text_shadow_blur_strength=&#8221;ol_text_shadow_style,%91object Object%93&#8243; quote_text_shadow_horizontal_length=&#8221;quote_text_shadow_style,%91object Object%93&#8243; quote_text_shadow_vertical_length=&#8221;quote_text_shadow_style,%91object Object%93&#8243; quote_text_shadow_blur_strength=&#8221;quote_text_shadow_style,%91object Object%93&#8243; header_text_shadow_horizontal_length=&#8221;header_text_shadow_style,%91object Object%93&#8243; header_text_shadow_vertical_length=&#8221;header_text_shadow_style,%91object Object%93&#8243; header_text_shadow_blur_strength=&#8221;header_text_shadow_style,%91object Object%93&#8243; header_2_text_shadow_horizontal_length=&#8221;header_2_text_shadow_style,%91object Object%93&#8243; header_2_text_shadow_vertical_length=&#8221;header_2_text_shadow_style,%91object Object%93&#8243; header_2_text_shadow_blur_strength=&#8221;header_2_text_shadow_style,%91object Object%93&#8243; header_3_text_shadow_horizontal_length=&#8221;header_3_text_shadow_style,%91object Object%93&#8243; header_3_text_shadow_vertical_length=&#8221;header_3_text_shadow_style,%91object Object%93&#8243; header_3_text_shadow_blur_strength=&#8221;header_3_text_shadow_style,%91object Object%93&#8243; header_4_text_shadow_horizontal_length=&#8221;header_4_text_shadow_style,%91object Object%93&#8243; header_4_text_shadow_vertical_length=&#8221;header_4_text_shadow_style,%91object Object%93&#8243; header_4_text_shadow_blur_strength=&#8221;header_4_text_shadow_style,%91object Object%93&#8243; header_5_text_shadow_horizontal_length=&#8221;header_5_text_shadow_style,%91object Object%93&#8243; header_5_text_shadow_vertical_length=&#8221;header_5_text_shadow_style,%91object Object%93&#8243; header_5_text_shadow_blur_strength=&#8221;header_5_text_shadow_style,%91object Object%93&#8243; header_6_text_shadow_horizontal_length=&#8221;header_6_text_shadow_style,%91object Object%93&#8243; header_6_text_shadow_vertical_length=&#8221;header_6_text_shadow_style,%91object Object%93&#8243; header_6_text_shadow_blur_strength=&#8221;header_6_text_shadow_style,%91object Object%93&#8243; z_index_tablet=&#8221;500&#8243;]<\/p>\n<h2>Datos de la persona a cargo:<\/h2>\n<ul>\n<li>Identidad de la persona responsable: Prospeccions en Sorra, SCCL<\/li>\n<li>Nombre comercial: La Bullanga<\/li>\n<li>NIF \/ CIF: F67236356<\/li>\n<li>Correo electr\u00f3nico: info@labullangabcn.com<\/li>\n<\/ul>\n<p>En este espacio, el usuario podr\u00e1 encontrar toda la informaci\u00f3n relacionada con los t\u00e9rminos y condiciones legales que definen las relaciones entre \u00e9l y Prospeccions en Sorra, SCCL como responsable de este sitio web. Como usuario, es importante que conozca estos t\u00e9rminos antes de continuar con la navegaci\u00f3n.<\/p>\n<p>Prospeccions en Sorra, SCCL, como responsable de este sitio web, asume el compromiso de procesar la informaci\u00f3n de los usuarios y clientes con total garant\u00eda y de cumplir con los requisitos europeos y estatales que regulan la compilaci\u00f3n y el uso de datos personales.<\/p>\n<p>Este sitio web, por lo tanto, cumple rigurosamente con la Ley Org\u00e1nica 15\/1999, de 13 de diciembre, de Protecci\u00f3n de Datos Personales (LOPD), y con el Real Decreto 1720\/2007, de 21 de diciembre, denominado Reglamento de desarrollo de la LOPD. Tambi\u00e9n cumple con el Reglamento (UE) 2016\/679 del Parlamento Europeo y del Consejo, de 27 de abril de 2016, sobre la protecci\u00f3n de las personas f\u00edsicas (RGPD), as\u00ed como con la Ley 34\/2002 de 11 de julio, de Servicios del Sociedad de la Informaci\u00f3n y Comercio Electr\u00f3nico (LSSICE o LSSI).<\/p>\n<p>&nbsp;<\/p>\n<h2>Condiciones generales de uso<\/h2>\n<p>Estas condiciones generales regulan el uso de las p\u00e1ginas que forman parte del sitio web de <a href=\"https:\/\/labullangabcn.com\">La Bullanga<\/a> iincluido el acceso simple, los contenidos y los servicios que se ponen a su disposici\u00f3n. Cualquier persona que acceda al sitio web en <a href=\"&quot;https:\/\/labullangabcn.com\">La Bullanga<\/a> (\u201cusuari\u201d) (&#8220;usuario&#8221;) acepta someterse a las condiciones generales vigentes en cualquier momento para el portal web de\u00a0<a href=\"https:\/\/labullangabcn.com\">La Bullanga.<\/a><\/p>\n<p>&nbsp;<\/p>\n<h2>Informaci\u00f3n personal que se recoge y c\u00f3mo la realizamos.<\/h2>\n<p>Lea la\u00a0<a href=\"https:\/\/labullangabcn.com\/es\/politica-privacidad\/\">Pol\u00edtica de Privacidad.<\/a><\/p>\n<p>&nbsp;<\/p>\n<h2>Compromisos y obligaciones de los usuarios.<\/h2>\n<p>El usuario est\u00e1 informado y acepta que el acceso a este sitio web no implica en modo alguno el comienzo de una relaci\u00f3n comercial con Prospeccions en Sorra, SCCL. De esta manera, el usuario se compromete a utilizar el sitio web, los servicios y los contenidos sin violar la legislaci\u00f3n vigente, la buena fe y el orden p\u00fablico.<\/p>\n<p>Est\u00e1 prohibido utilizar el sitio web con fines il\u00edcitos o perjudiciales o que, de cualquier manera, pueda causar da\u00f1os o impedir el funcionamiento normal del sitio.<\/p>\n<p>En el uso del sitio web, el usuario se compromete a no llevar a cabo ninguna conducta que pueda da\u00f1ar la imagen, los intereses y los derechos de Prospeccions en Sorra, SCCL o terceros o que pueda da\u00f1ar, deshabilitar o sobrecargar el portal La Bullanga o que lo impida. De cualquier manera, el uso normal de la web.<\/p>\n<p>Sin embargo, el usuario debe tener en cuenta que las medidas de seguridad de los sistemas inform\u00e1ticos en Internet no son completamente confiables y, por lo tanto, Prospeccions en Sorra, SCCL no puede garantizar la ausencia de malware u otros elementos que puedan producir alteraciones en los sistemas inform\u00e1ticos del usuario ( software y hardware) o en los documentos electr\u00f3nicos y los archivos que contienen, incluso si han proporcionado todos los medios necesarios y las medidas de seguridad adecuadas para evitar la presencia de estos elementos nocivos.<\/p>\n<p>&nbsp;<\/p>\n<h2>Medidas de seguridad<\/h2>\n<p>Los datos personales comunicados por el usuario a Prospeccions en Sorra, SCCL se pueden almacenar en bases de datos, automatizadas o no, cuya propiedad corresponde exclusivamente a Prospeccions en Sorra, SCCL, que asume todas las medidas t\u00e9cnicas, organizativas y de seguridad que garantizan la confidencialidad, integridad y la calidad de la informaci\u00f3n que contienen, de acuerdo con las disposiciones de la normativa vigente sobre protecci\u00f3n de datos. La comunicaci\u00f3n entre los usuarios y Prospeccions en Sorra, SCCL utiliza un canal seguro y los datos transmitidos est\u00e1n cifrados mediante protocolos https, que garantizan las mejores condiciones de seguridad para garantizar la confidencialidad de los usuarios.<\/p>\n<p>&nbsp;<\/p>\n<h2>Plataforma para la resoluci\u00f3n de conflictos.<\/h2>\n<p>Prospeccions en Sorra, SCCL tambi\u00e9n pone a disposici\u00f3n de los usuarios la plataforma para la resoluci\u00f3n de disputas proporcionada por la Comisi\u00f3n Europea y que est\u00e1 disponible para los siguientes: \u00a0<a href=\"http:\/\/ec.europa.eu\/consumers\/odr\/\">https:\/\/ec.europa.eu\/consumers\/odr\/<\/a><\/p>\n<h2><\/h2>\n<h2>Derechos de propiedad intelectual e industrial.<\/h2>\n<p>Prospeccions en Sorra, SCCL es el propietario de todos los derechos de propiedad industrial e intelectual relacionados con el contenido incluido en este sitio web o en los diferentes materiales publicados para el ejercicio de toda la actividad. La informaci\u00f3n y el contenido de cualquiera de los medios y recursos editados por Prospeccions en Sorra, SCCL se pueden utilizar y reproducir a voluntad bajo los par\u00e1metros establecidos por la licencia Creative Commons <a href=\"http:\/\/creativecommons.org\/licenses\/by-nc-sa\/4.0\/\" rel=\"license\"><img style=\"border-width: 0;\" src=\"https:\/\/i.creativecommons.org\/l\/by-nc-sa\/4.0\/80x15.png\" alt=\"Llic\u00e8ncia de Creative Commons\" \/><\/a>. Este trabajo est\u00e1 sujeto a una licencia <a href=\"http:\/\/creativecommons.org\/licenses\/by-nc-sa\/4.0\/\" rel=\"license\">Creative Commons Attribution-NonCommercial-ShareAlike 4.0 Creative Commons.<\/a>.<\/p>\n<p>En el caso de que un usuario o un tercero consideren que ha habido una violaci\u00f3n de sus derechos leg\u00edtimos de propiedad intelectual por la introducci\u00f3n de un determinado contenido en la web, debe notificar esta circunstancia a Prospeccions en Sorra, SCCL que indica:<\/p>\n<ul>\n<li>Los datos personales de la parte interesada que presuntamente se ha infringido, o indican la representaci\u00f3n con la que act\u00faa en caso de la reclamaci\u00f3n es presentada por un tercero que no sea el interesado.<\/li>\n<li>Indique los contenidos protegidos por los derechos de propiedad intelectual y su ubicaci\u00f3n en la web, la acreditaci\u00f3n de los derechos de propiedad intelectual indicada y una declaraci\u00f3n expresa en la que la parte interesada es responsable de la veracidad de la informaci\u00f3n proporcionada en la notificaci\u00f3n.<\/li>\n<\/ul>\n<p>&nbsp;<\/p>\n<h2>Enlaces externos<\/h2>\n<p>Las p\u00e1ginas del sitio web de <a href=\"https:\/\/labullangabcn.com\/\">La Bullanga<\/a> proporcionan enlaces a otros sitios web propios y al contenido que es propiedad de terceros.<\/p>\n<h2><\/h2>\n<h2>Exclusi\u00f3n de garant\u00edas y responsabilidad.<\/h2>\n<p>Prospeccions en Sorra, SCCL no otorga ninguna garant\u00eda o es responsable, en cualquier caso, de los da\u00f1os de cualquier tipo que puedan surgir de:<\/p>\n<ul>\n<li>La falta de disponibilidad, mantenimiento y funcionamiento efectivo del sitio web, o de sus servicios y contenidos.<\/li>\n<li>La existencia de malware, programas maliciosos o da\u00f1inos en los contenidos.<\/li>\n<li>Uso il\u00edcito, negligente, fraudulento o contrario a este aviso legal.<\/li>\n<li>La falta de legalidad, calidad, confiabilidad, utilidad y disponibilidad de los servicios proporcionados por terceros y lugares disponibles para los usuarios en el sitio web.<\/li>\n<li>El prestamista no es responsable de los da\u00f1os que puedan surgir del uso ilegal o inadecuado de esta p\u00e1gina web.<\/li>\n<\/ul>\n<h2><\/h2>\n<h2>Ley aplicable y jurisdicci\u00f3n<\/h2>\n<p>En general, las relaciones entre Prospeccions en Sorra, SCCL y los usuarios de los servicios telem\u00e1ticos presentes en este sitio web est\u00e1n sujetas a la legislaci\u00f3n y jurisdicci\u00f3n espa\u00f1olas y a los tribunales de Barcelona.<\/p>\n<h2><\/h2>\n<h2>Contacto<\/h2>\n<p>En el caso de que alg\u00fan usuario tenga alguna duda sobre estas condiciones legales o alg\u00fan comentario sobre el portal La Bullanga, p\u00f3ngase en contacto con <a href=\"mailto:info@labullangabcn.com \"> info@labullangabcn.com<\/a>.<\/p>\n<p>[\/et_pb_text][\/et_pb_column][\/et_pb_row][\/et_pb_section][et_pb_section bb_built=&#8221;1&#8243; _builder_version=&#8221;3.19.10&#8243; background_color=&#8221;#252b2d&#8221; custom_padding=&#8221;74px|0px|54px|0px|false|false&#8221; prev_background_color=&#8221;#ffffff&#8221; inner_width=&#8221;auto&#8221; inner_max_width=&#8221;none&#8221;][et_pb_row make_fullwidth=&#8221;on&#8221; _builder_version=&#8221;3.19.10&#8243; module_class=&#8221; et_pb_row_fullwidth et_pb_row_fullwidth&#8221; width=&#8221;94%&#8221; width_tablet=&#8221;80%&#8221; width_last_edited=&#8221;on|desktop&#8221; max_width=&#8221;94%&#8221; max_width_tablet=&#8221;80%&#8221; max_width_last_edited=&#8221;on|desktop&#8221;][et_pb_column type=&#8221;3_5&#8243;][et_pb_text _builder_version=&#8221;3.19.10&#8243; text_font=&#8221;||||||||&#8221; header_font=&#8221;||||||||&#8221; header_text_align=&#8221;right&#8221; header_text_color=&#8221;#bb001f&#8221; header_font_size=&#8221;50px&#8221; header_2_font=&#8221;||||||||&#8221; header_2_text_align=&#8221;center&#8221; header_2_text_color=&#8221;#bb001f&#8221;]<\/p>\n<h1 style=\"text-align: center;\">\u00bfTe apetece tener una aventura? <\/h1>\n<p>[\/et_pb_text][\/et_pb_column][et_pb_column type=&#8221;2_5&#8243;][et_pb_button button_url=&#8221;https:\/\/labullangabcn.com\/es\/experiencias&#8221; button_text=&#8221;Reserva tu experiencia&#8221; button_alignment=&#8221;center&#8221; _builder_version=&#8221;3.23.2&#8243; custom_button=&#8221;on&#8221; button_text_size=&#8221;20px&#8221; button_text_color=&#8221;#ffffff&#8221; button_border_color=&#8221;#ffffff&#8221; button_font=&#8221;|||on|||||&#8221; button_use_icon=&#8221;off&#8221; button_text_color__hover_enabled=&#8221;on&#8221; button_text_color__hover=&#8221;#bb001f&#8221; button_bg_color__hover_enabled=&#8221;on&#8221; button_border_width__hover_enabled=&#8221;on&#8221; button_border_width__hover=&#8221;1px&#8221; button_border_color__hover_enabled=&#8221;on&#8221; button_border_color__hover=&#8221;#bb001f&#8221; button_letter_spacing__hover_enabled=&#8221;on&#8221; button_letter_spacing__hover=&#8221;0.5px&#8221; button_text_shadow_horizontal_length=&#8221;button_text_shadow_style,%91object Object%93&#8243; button_text_shadow_horizontal_length_tablet=&#8221;0px&#8221; button_text_shadow_vertical_length=&#8221;button_text_shadow_style,%91object Object%93&#8243; button_text_shadow_vertical_length_tablet=&#8221;0px&#8221; button_text_shadow_blur_strength=&#8221;button_text_shadow_style,%91object Object%93&#8243; button_text_shadow_blur_strength_tablet=&#8221;1px&#8221; box_shadow_horizontal_tablet=&#8221;0px&#8221; box_shadow_vertical_tablet=&#8221;0px&#8221; box_shadow_blur_tablet=&#8221;40px&#8221; box_shadow_spread_tablet=&#8221;0px&#8221; z_index_tablet=&#8221;500&#8243; \/][\/et_pb_column][\/et_pb_row][\/et_pb_section]<\/p>\n","protected":false},"excerpt":{"rendered":"<p>[et_pb_section bb_built=&#8221;1&#8243; fullwidth=&#8221;on&#8221; _builder_version=&#8221;3.19.10&#8243; next_background_color=&#8221;#000000&#8243; inner_width=&#8221;auto&#8221; inner_max_width=&#8221;none&#8221;][et_pb_fullwidth_slider _builder_version=&#8221;3.21&#8243;][et_pb_slide heading=&#8221;Av\u00edso Legal&#8221; use_bg_overlay=&#8221;off&#8221; use_text_overlay=&#8221;off&#8221; _builder_version=&#8221;3.19.17&#8243; header_font_size=&#8221;60px&#8221; header_font_size_tablet=&#8221;50px&#8221; header_font_size_phone=&#8221;40px&#8221; header_font_size_last_edited=&#8221;on|phone&#8221; use_background_color_gradient=&#8221;on&#8221; background_color_gradient_start=&#8221;rgba(37,43,45,0.5)&#8221; background_color_gradient_end=&#8221;rgba(37,43,45,0.25)&#8221; background_color_gradient_overlays_image=&#8221;on&#8221; background_image=&#8221;https:\/\/labullangabcn.com\/wp-content\/uploads\/FAQs.jpg&#8221; button_on_hover=&#8221;on&#8221;][\/et_pb_slide][\/et_pb_fullwidth_slider][\/et_pb_section][et_pb_section bb_built=&#8221;1&#8243; _builder_version=&#8221;3.19.10&#8243; custom_padding=&#8221;0|0px|0|0px|true|true&#8221; prev_background_color=&#8221;#000000&#8243; next_background_color=&#8221;#252b2d&#8221; inner_width=&#8221;auto&#8221; inner_max_width=&#8221;none&#8221;][et_pb_row use_custom_width=&#8221;on&#8221; width_unit=&#8221;off&#8221; custom_padding=&#8221;50px|0px|50px|0px|true|false&#8221; padding_top_bottom_link_1=&#8221;false&#8221; padding_top_1=&#8221;20px&#8221; padding_1_tablet=&#8221;30px||30px||true&#8221; padding_1_phone=&#8221;15px||15px||true&#8221; padding_1_last_edited=&#8221;on|tablet&#8221; _builder_version=&#8221;3.19.10&#8243; max_width=&#8221;80%&#8221;][et_pb_column type=&#8221;4_4&#8243;][et_pb_text _builder_version=&#8221;3.22.7&#8243; custom_margin=&#8221;20px||20px||true&#8221; text_text_shadow_horizontal_length=&#8221;text_text_shadow_style,%91object Object%93&#8243; text_text_shadow_vertical_length=&#8221;text_text_shadow_style,%91object Object%93&#8243; text_text_shadow_blur_strength=&#8221;text_text_shadow_style,%91object Object%93&#8243; link_text_shadow_horizontal_length=&#8221;link_text_shadow_style,%91object Object%93&#8243; link_text_shadow_vertical_length=&#8221;link_text_shadow_style,%91object Object%93&#8243; link_text_shadow_blur_strength=&#8221;link_text_shadow_style,%91object Object%93&#8243; [&hellip;]<\/p>\n","protected":false},"author":1,"featured_media":0,"parent":0,"menu_order":6,"comment_status":"closed","ping_status":"closed","template":"","meta":{"_et_pb_use_builder":"on","_et_pb_old_content":"","_et_gb_content_width":""},"_links":{"self":[{"href":"https:\/\/labullangabcn.com\/es\/wp-json\/wp\/v2\/pages\/220552"}],"collection":[{"href":"https:\/\/labullangabcn.com\/es\/wp-json\/wp\/v2\/pages"}],"about":[{"href":"https:\/\/labullangabcn.com\/es\/wp-json\/wp\/v2\/types\/page"}],"author":[{"embeddable":true,"href":"https:\/\/labullangabcn.com\/es\/wp-json\/wp\/v2\/users\/1"}],"replies":[{"embeddable":true,"href":"https:\/\/labullangabcn.com\/es\/wp-json\/wp\/v2\/comments?post=220552"}],"version-history":[{"count":0,"href":"https:\/\/labullangabcn.com\/es\/wp-json\/wp\/v2\/pages\/220552\/revisions"}],"wp:attachment":[{"href":"https:\/\/labullangabcn.com\/es\/wp-json\/wp\/v2\/media?parent=220552"}],"curies":[{"name":"wp","href":"https:\/\/api.w.org\/{rel}","templated":true}]}}