{"id":220506,"date":"2019-05-23T20:41:16","date_gmt":"2019-05-23T20:41:16","guid":{"rendered":"https:\/\/labullangabcn.com\/nosotros\/"},"modified":"2021-06-26T10:42:34","modified_gmt":"2021-06-26T10:42:34","slug":"nosotros","status":"publish","type":"page","link":"https:\/\/labullangabcn.com\/es\/nosotros\/","title":{"rendered":"Nosotros"},"content":{"rendered":"<p>[et_pb_section fb_built=&#8221;1&#8243; inner_shadow=&#8221;on&#8221; _builder_version=&#8221;3.22.7&#8243; inner_width_tablet=&#8221;50px&#8221; inner_max_width_tablet=&#8221;50px&#8221; custom_margin=&#8221;0px||0px|&#8221; custom_padding=&#8221;0px||0px|&#8221; top_divider_height=&#8221;0px&#8221; z_index_tablet=&#8221;500&#8243;][et_pb_row padding_top_bottom_link_1=&#8221;true&#8221; _builder_version=&#8221;3.25&#8243; width=&#8221;100%&#8221; max_width=&#8221;2560px&#8221; custom_margin=&#8221;-85px|auto|0px|auto||&#8221; custom_padding=&#8221;0px||0px|&#8221; z_index_tablet=&#8221;500&#8243;][et_pb_column type=&#8221;4_4&#8243; _builder_version=&#8221;3.25&#8243; custom_padding=&#8221;0px||0px|&#8221; custom_padding__hover=&#8221;|||&#8221;][et_pb_text _builder_version=&#8221;3.27.4&#8243; header_text_color=&#8221;#ffffff&#8221; header_font_size=&#8221;60px&#8221; use_background_color_gradient=&#8221;on&#8221; background_color_gradient_start=&#8221;rgba(37,43,45,0.75)&#8221; background_color_gradient_end=&#8221;rgba(37,43,45,0.25)&#8221; background_color_gradient_overlays_image=&#8221;on&#8221; background_image=&#8221;https:\/\/labullangabcn.com\/wp-content\/uploads\/flyers_1.jpg&#8221; custom_padding=&#8221;15vw||15vw||true&#8221; custom_padding_tablet=&#8221;20vw||20vw||true&#8221; custom_padding_phone=&#8221;45vw||20vw|&#8221; custom_padding_last_edited=&#8221;on|phone&#8221; header_font_size_tablet=&#8221;50px&#8221; header_font_size_phone=&#8221;35px&#8221; header_font_size_last_edited=&#8221;on|tablet&#8221; z_index_tablet=&#8221;500&#8243; text_text_shadow_horizontal_length_tablet=&#8221;0px&#8221; text_text_shadow_vertical_length_tablet=&#8221;0px&#8221; text_text_shadow_blur_strength_tablet=&#8221;1px&#8221; link_text_shadow_horizontal_length_tablet=&#8221;0px&#8221; link_text_shadow_vertical_length_tablet=&#8221;0px&#8221; link_text_shadow_blur_strength_tablet=&#8221;1px&#8221; ul_text_shadow_horizontal_length_tablet=&#8221;0px&#8221; ul_text_shadow_vertical_length_tablet=&#8221;0px&#8221; ul_text_shadow_blur_strength_tablet=&#8221;1px&#8221; ol_text_shadow_horizontal_length_tablet=&#8221;0px&#8221; ol_text_shadow_vertical_length_tablet=&#8221;0px&#8221; ol_text_shadow_blur_strength_tablet=&#8221;1px&#8221; quote_text_shadow_horizontal_length_tablet=&#8221;0px&#8221; quote_text_shadow_vertical_length_tablet=&#8221;0px&#8221; quote_text_shadow_blur_strength_tablet=&#8221;1px&#8221; header_text_shadow_horizontal_length_tablet=&#8221;0px&#8221; header_text_shadow_vertical_length_tablet=&#8221;0px&#8221; header_text_shadow_blur_strength_tablet=&#8221;1px&#8221; header_2_text_shadow_horizontal_length_tablet=&#8221;0px&#8221; header_2_text_shadow_vertical_length_tablet=&#8221;0px&#8221; header_2_text_shadow_blur_strength_tablet=&#8221;1px&#8221; header_3_text_shadow_horizontal_length_tablet=&#8221;0px&#8221; header_3_text_shadow_vertical_length_tablet=&#8221;0px&#8221; header_3_text_shadow_blur_strength_tablet=&#8221;1px&#8221; header_4_text_shadow_horizontal_length_tablet=&#8221;0px&#8221; header_4_text_shadow_vertical_length_tablet=&#8221;0px&#8221; header_4_text_shadow_blur_strength_tablet=&#8221;1px&#8221; header_5_text_shadow_horizontal_length_tablet=&#8221;0px&#8221; header_5_text_shadow_vertical_length_tablet=&#8221;0px&#8221; header_5_text_shadow_blur_strength_tablet=&#8221;1px&#8221; header_6_text_shadow_horizontal_length_tablet=&#8221;0px&#8221; header_6_text_shadow_vertical_length_tablet=&#8221;0px&#8221; header_6_text_shadow_blur_strength_tablet=&#8221;1px&#8221; box_shadow_horizontal_tablet=&#8221;0px&#8221; box_shadow_vertical_tablet=&#8221;0px&#8221; box_shadow_blur_tablet=&#8221;40px&#8221; box_shadow_spread_tablet=&#8221;0px&#8221;]<\/p>\n<h1 style=\"text-align: center;\">Nosotros<\/h1>\n<p>[\/et_pb_text][\/et_pb_column][\/et_pb_row][\/et_pb_section][et_pb_section fb_built=&#8221;1&#8243; _builder_version=&#8221;3.22.3&#8243; custom_padding=&#8221;40px|0px|40px|0px|true|true&#8221;][et_pb_row module_class=&#8221; et_pb_row_fullwidth&#8221; _builder_version=&#8221;3.25&#8243; width=&#8221;94%&#8221; width_tablet=&#8221;80%&#8221; width_phone=&#8221;&#8221; width_last_edited=&#8221;on|desktop&#8221; max_width=&#8221;94%&#8221; max_width_tablet=&#8221;80%&#8221; max_width_phone=&#8221;&#8221; max_width_last_edited=&#8221;on|desktop&#8221; make_fullwidth=&#8221;on&#8221;][et_pb_column type=&#8221;4_4&#8243; _builder_version=&#8221;3.25&#8243; custom_padding=&#8221;40px|||&#8221; custom_padding__hover=&#8221;|||&#8221;][et_pb_text admin_label=&#8221;Que es la bullanga&#8221; _builder_version=&#8221;3.27.4&#8243; text_font=&#8221;||||||||&#8221; text_text_color=&#8221;#252b2d&#8221; text_font_size=&#8221;18px&#8221; header_font=&#8221;||||||||&#8221; header_2_font=&#8221;||||||||&#8221; header_2_text_color=&#8221;#bb001f&#8221; header_2_font_size=&#8221;30px&#8221; header_2_line_height=&#8221;1.2em&#8221; header_4_text_color=&#8221;#239990&#8243; header_4_font_size=&#8221;22px&#8221;]<\/p>\n<h2 style=\"text-align: left;\">\u00bfQu\u00e9 es la bullanga?<\/h2>\n<p style=\"text-align: left;\">La Bullanga es el primer proyecto de la Cooperativa sin \u00e1nimo de lucro Prospeccions en Sorra, SCCL.<\/p>\n<p style=\"text-align: left;\">Trabajamos en la promoci\u00f3n de actividades para la difusi\u00f3n del patrimonio hist\u00f3rico y cultural a partir de los valores de la econom\u00eda social. Nuestra metodolog\u00eda se caracteriza por el uso de t\u00e9cnicas que fomentan la participaci\u00f3n y la interacci\u00f3n y que hacen que aprender la historia tambi\u00e9n sea un proceso din\u00e1mico y divertido.<\/p>\n<p style=\"text-align: left;\"><strong>Bullanga<\/strong>\u00a0es el nombre del conjunto de revueltas populares que estallaron en Barcelona a lo largo del siglo XIX y que canalizaban el descontento de la poblaci\u00f3n. Es nuestro particular homenaje al pueblo barcelon\u00e9s, que a lo largo de su agitada historia ha sabido sobrevivir a sitios, guerras y exilios gracias a su insobornable car\u00e1cter y a la solidaridad conciudadana.<\/p>\n<p>[\/et_pb_text][\/et_pb_column][\/et_pb_row][\/et_pb_section][et_pb_section fb_built=&#8221;1&#8243; _builder_version=&#8221;3.22.3&#8243; parallax=&#8221;on&#8221; custom_margin=&#8221;0px|0px|0px|0px|true|true&#8221; custom_padding=&#8221;0px|0px|0px|0px|true|true&#8221;][et_pb_row use_custom_gutter=&#8221;on&#8221; gutter_width=&#8221;1&#8243; make_equal=&#8221;on&#8221; padding_top_bottom_link_1=&#8221;true&#8221; padding_top_bottom_link_2=&#8221;true&#8221; module_class=&#8221; et_pb_row_fullwidth&#8221; _builder_version=&#8221;3.25&#8243; width=&#8221;100%&#8221; width_tablet=&#8221;100%&#8221; width_phone=&#8221;&#8221; width_last_edited=&#8221;on|desktop&#8221; max_width=&#8221;100%&#8221; max_width_tablet=&#8221;100%&#8221; max_width_phone=&#8221;&#8221; max_width_last_edited=&#8221;on|desktop&#8221; custom_padding=&#8221;0||0||true|false&#8221; make_fullwidth=&#8221;on&#8221; column_structure=&#8221;1_2,1_2&#8243;][et_pb_column type=&#8221;1_2&#8243; _builder_version=&#8221;3.25&#8243; background_image=&#8221;https:\/\/labullangabcn.com\/wp-content\/uploads\/la_bullanga_qui_som.jpg&#8221; custom_padding=&#8221;15vw||15vw|&#8221; custom_padding_tablet=&#8221;25vw||25vw||true&#8221; custom_padding_phone=&#8221;25vw||25vw||true&#8221; custom_padding_last_edited=&#8221;on|desktop&#8221; custom_padding__hover=&#8221;|||&#8221;][et_pb_code _builder_version=&#8221;3.19.15&#8243;][\/et_pb_code][\/et_pb_column][et_pb_column type=&#8221;1_2&#8243; _builder_version=&#8221;3.25&#8243; background_color=&#8221;#f7f5f5&#8243; custom_padding=&#8221;30px||30px|&#8221; custom_padding__hover=&#8221;|||&#8221;][et_pb_text admin_label=&#8221;qui som&#8221; _builder_version=&#8221;3.27.4&#8243; text_font_size=&#8221;18px&#8221; header_2_text_color=&#8221;#239990&#8243; header_2_font_size=&#8221;30px&#8221; custom_padding=&#8221;50px|50px|50px|50px|true|true&#8221; custom_padding_tablet=&#8221;||0px&#8221; custom_padding_phone=&#8221;&#8221; custom_padding_last_edited=&#8221;on|phone&#8221;]<\/p>\n<h2>\u00bfQui\u00e9n somos?<\/h2>\n<p>El proyecto La Bullanga nace de una idea compartida por dos hermanos apasionados por la historia: la necesidad de proponer un nuevo modelo para la difusi\u00f3n del patrimonio hist\u00f3rico y cultural de Barcelona.<\/p>\n<p>Para llevar a cabo esta tarea, en lugar de crear una empresa tradicional, hemos creado una cooperativa. Creemos en una econom\u00eda m\u00e1s justa y social, y creemos que una cooperativa es el tipo de organizaci\u00f3n que promueve la democracia y la transparencia en el lugar de trabajo.<\/p>\n<p>Sobre la base de nuestra formaci\u00f3n acad\u00e9mica human\u00edstica, queremos compartir el conocimiento sobre la historia de la ciudad de una manera original, creativa y, sobre todo, respetuosa con la vida social de los vecindarios.<br \/>\n[\/et_pb_text][\/et_pb_column][\/et_pb_row][\/et_pb_section][et_pb_section fb_built=&#8221;1&#8243; _builder_version=&#8221;3.22.3&#8243; parallax=&#8221;on&#8221; custom_margin=&#8221;0px|0px|0px|0px|true|true&#8221; custom_padding=&#8221;0px|0px|0px|0px|true|true&#8221;][et_pb_row use_custom_gutter=&#8221;on&#8221; gutter_width=&#8221;1&#8243; make_equal=&#8221;on&#8221; padding_top_bottom_link_1=&#8221;true&#8221; padding_top_bottom_link_2=&#8221;true&#8221; module_class=&#8221; et_pb_row_fullwidth&#8221; _builder_version=&#8221;3.25&#8243; width=&#8221;100%&#8221; width_tablet=&#8221;100%&#8221; width_phone=&#8221;&#8221; width_last_edited=&#8221;on|desktop&#8221; max_width=&#8221;100%&#8221; max_width_tablet=&#8221;100%&#8221; max_width_phone=&#8221;&#8221; max_width_last_edited=&#8221;on|desktop&#8221; custom_padding=&#8221;0||0||true|false&#8221; make_fullwidth=&#8221;on&#8221; column_structure=&#8221;1_2,1_2&#8243;][et_pb_column type=&#8221;1_2&#8243; _builder_version=&#8221;3.25&#8243; background_color=&#8221;#f7f5f5&#8243; custom_padding=&#8221;30px||30px|&#8221; custom_padding__hover=&#8221;|||&#8221;][et_pb_text admin_label=&#8221;que fem&#8221; _builder_version=&#8221;3.27.4&#8243; text_font_size=&#8221;18px&#8221; header_2_text_color=&#8221;#239990&#8243; header_2_font_size=&#8221;30px&#8221; custom_padding=&#8221;50px|50px|50px|50px|true|true&#8221; custom_padding_tablet=&#8221;0px|||&#8221; custom_padding_phone=&#8221;&#8221; custom_padding_last_edited=&#8221;on|phone&#8221; z_index_tablet=&#8221;500&#8243;]<\/p>\n<h2>Que hacemos<\/h2>\n<p>En primer lugar, no hacemos visitas guiadas. No esperes grupos enormes e impersonales, guiados por micr\u00f3fonos y paraguas de colores. En vez de eso, te embarcar\u00e1s en una aventura a trav\u00e9s de algunas de las calles y rincones m\u00e1s emblem\u00e1ticos de la ciudad. De la mano de los personajes de las historias que hemos creado, tendr\u00e1s que tomar decisiones para superar los desaf\u00edos y llegar al final de la aventura.<\/p>\n<p>Adem\u00e1s de la experiencia hist\u00f3rica, tambi\u00e9n te pondr\u00e1s en contacto y conocer\u00e1s el tejido social que llena de vida los vecindarios. Acomp\u00e1\u00f1anos en la promoci\u00f3n del comercio local y las asociaciones e iniciativas arraigadas en la ciudad, que son la verdadera garant\u00eda de la sostenibilidad.<\/p>\n<p>Como en una receta, la clave est\u00e1 en el equilibrio perfecto de sus ingredientes. Por este motivo, las experiencias que proponemos est\u00e1n elaboradas a partir de cuatro elementos: difusi\u00f3n del patrimonio hist\u00f3rico, interactividad, personalizaci\u00f3n y compromiso social. Disfruta de una manera \u00fanica el rico legado hist\u00f3rico y social de la ciudad. \u00a1Atr\u00e9vete a cruzar las puertas!<\/p>\n<p>&nbsp;<\/p>\n<p>[\/et_pb_text][\/et_pb_column][et_pb_column type=&#8221;1_2&#8243; _builder_version=&#8221;3.25&#8243; background_color=&#8221;#f7f5f5&#8243; background_image=&#8221;https:\/\/labullangabcn.com\/wp-content\/uploads\/la_bullanga_que_fem.jpg&#8221; custom_padding=&#8221;15vw||15vw|&#8221; custom_padding_tablet=&#8221;25vw||25vw||true&#8221; custom_padding_phone=&#8221;||||true&#8221; custom_padding_last_edited=&#8221;on|desktop&#8221; custom_padding__hover=&#8221;|||&#8221;][et_pb_code _builder_version=&#8221;3.19.10&#8243;][\/et_pb_code][\/et_pb_column][\/et_pb_row][\/et_pb_section][et_pb_section fb_built=&#8221;1&#8243; _builder_version=&#8221;3.22.3&#8243; background_color=&#8221;#252b2d&#8221;][et_pb_row module_class=&#8221; et_pb_row_fullwidth&#8221; _builder_version=&#8221;3.25&#8243; width=&#8221;94%&#8221; width_tablet=&#8221;80%&#8221; width_phone=&#8221;&#8221; width_last_edited=&#8221;on|desktop&#8221; max_width=&#8221;94%&#8221; max_width_tablet=&#8221;80%&#8221; max_width_phone=&#8221;&#8221; max_width_last_edited=&#8221;on|desktop&#8221; make_fullwidth=&#8221;on&#8221; column_structure=&#8221;3_5,2_5&#8243;][et_pb_column type=&#8221;3_5&#8243; _builder_version=&#8221;3.25&#8243; custom_padding=&#8221;|||&#8221; custom_padding__hover=&#8221;|||&#8221;][et_pb_text admin_label=&#8221;Claim&#8221; _builder_version=&#8221;3.27.4&#8243; header_text_align=&#8221;right&#8221; header_text_color=&#8221;#bb001f&#8221; header_font_size=&#8221;50px&#8221; header_2_text_align=&#8221;center&#8221; header_2_text_color=&#8221;#bb001f&#8221;]<\/p>\n<h1 style=\"text-align: center;\">\u00bfTe apetece tener una aventura?<\/h1>\n<p>[\/et_pb_text][\/et_pb_column][et_pb_column type=&#8221;2_5&#8243; _builder_version=&#8221;3.25&#8243; custom_padding=&#8221;|||&#8221; custom_padding__hover=&#8221;|||&#8221;][et_pb_button button_url=&#8221;https:\/\/labullangabcn.com\/es\/experiencias&#8221; button_text=&#8221;Reserva tu experiencia&#8221; button_alignment=&#8221;center&#8221; admin_label=&#8221;boto %22experiencies%22&#8243; _builder_version=&#8221;3.21&#8243; custom_button=&#8221;on&#8221; button_text_size=&#8221;20px&#8221; button_text_color=&#8221;#ffffff&#8221; button_border_color=&#8221;#ffffff&#8221; button_border_radius=&#8221;3px&#8221; button_font=&#8221;|||on|||||&#8221; button_use_icon=&#8221;off&#8221; button_text_color__hover_enabled=&#8221;on&#8221; button_text_color__hover=&#8221;#bb001f&#8221; button_bg_color__hover_enabled=&#8221;on&#8221; button_border_width__hover_enabled=&#8221;on&#8221; button_border_width__hover=&#8221;1px&#8221; button_border_color__hover_enabled=&#8221;on&#8221; button_border_color__hover=&#8221;#bb001f&#8221; button_letter_spacing__hover_enabled=&#8221;on&#8221; button_letter_spacing__hover=&#8221;0.5px&#8221;][\/et_pb_button][\/et_pb_column][\/et_pb_row][\/et_pb_section]<\/p>\n","protected":false},"excerpt":{"rendered":"<p>[et_pb_section fb_built=&#8221;1&#8243; inner_shadow=&#8221;on&#8221; _builder_version=&#8221;3.22.7&#8243; inner_width_tablet=&#8221;50px&#8221; inner_max_width_tablet=&#8221;50px&#8221; custom_margin=&#8221;0px||0px|&#8221; custom_padding=&#8221;0px||0px|&#8221; top_divider_height=&#8221;0px&#8221; z_index_tablet=&#8221;500&#8243;][et_pb_row padding_top_bottom_link_1=&#8221;true&#8221; _builder_version=&#8221;3.25&#8243; width=&#8221;100%&#8221; max_width=&#8221;2560px&#8221; custom_margin=&#8221;-85px|auto|0px|auto||&#8221; custom_padding=&#8221;0px||0px|&#8221; z_index_tablet=&#8221;500&#8243;][et_pb_column type=&#8221;4_4&#8243; _builder_version=&#8221;3.25&#8243; custom_padding=&#8221;0px||0px|&#8221; custom_padding__hover=&#8221;|||&#8221;][et_pb_text _builder_version=&#8221;3.27.4&#8243; header_text_color=&#8221;#ffffff&#8221; header_font_size=&#8221;60px&#8221; use_background_color_gradient=&#8221;on&#8221; background_color_gradient_start=&#8221;rgba(37,43,45,0.75)&#8221; background_color_gradient_end=&#8221;rgba(37,43,45,0.25)&#8221; background_color_gradient_overlays_image=&#8221;on&#8221; background_image=&#8221;https:\/\/labullangabcn.com\/wp-content\/uploads\/flyers_1.jpg&#8221; custom_padding=&#8221;15vw||15vw||true&#8221; custom_padding_tablet=&#8221;20vw||20vw||true&#8221; custom_padding_phone=&#8221;45vw||20vw|&#8221; custom_padding_last_edited=&#8221;on|phone&#8221; header_font_size_tablet=&#8221;50px&#8221; header_font_size_phone=&#8221;35px&#8221; header_font_size_last_edited=&#8221;on|tablet&#8221; z_index_tablet=&#8221;500&#8243; text_text_shadow_horizontal_length_tablet=&#8221;0px&#8221; text_text_shadow_vertical_length_tablet=&#8221;0px&#8221; text_text_shadow_blur_strength_tablet=&#8221;1px&#8221; link_text_shadow_horizontal_length_tablet=&#8221;0px&#8221; link_text_shadow_vertical_length_tablet=&#8221;0px&#8221; link_text_shadow_blur_strength_tablet=&#8221;1px&#8221; ul_text_shadow_horizontal_length_tablet=&#8221;0px&#8221; ul_text_shadow_vertical_length_tablet=&#8221;0px&#8221; ul_text_shadow_blur_strength_tablet=&#8221;1px&#8221; ol_text_shadow_horizontal_length_tablet=&#8221;0px&#8221; ol_text_shadow_vertical_length_tablet=&#8221;0px&#8221; ol_text_shadow_blur_strength_tablet=&#8221;1px&#8221; quote_text_shadow_horizontal_length_tablet=&#8221;0px&#8221; quote_text_shadow_vertical_length_tablet=&#8221;0px&#8221; quote_text_shadow_blur_strength_tablet=&#8221;1px&#8221; header_text_shadow_horizontal_length_tablet=&#8221;0px&#8221; header_text_shadow_vertical_length_tablet=&#8221;0px&#8221; header_text_shadow_blur_strength_tablet=&#8221;1px&#8221; [&hellip;]<\/p>\n","protected":false},"author":1,"featured_media":0,"parent":0,"menu_order":4,"comment_status":"closed","ping_status":"closed","template":"","meta":{"_et_pb_use_builder":"on","_et_pb_old_content":"","_et_gb_content_width":""},"_links":{"self":[{"href":"https:\/\/labullangabcn.com\/es\/wp-json\/wp\/v2\/pages\/220506"}],"collection":[{"href":"https:\/\/labullangabcn.com\/es\/wp-json\/wp\/v2\/pages"}],"about":[{"href":"https:\/\/labullangabcn.com\/es\/wp-json\/wp\/v2\/types\/page"}],"author":[{"embeddable":true,"href":"https:\/\/labullangabcn.com\/es\/wp-json\/wp\/v2\/users\/1"}],"replies":[{"embeddable":true,"href":"https:\/\/labullangabcn.com\/es\/wp-json\/wp\/v2\/comments?post=220506"}],"version-history":[{"count":3,"href":"https:\/\/labullangabcn.com\/es\/wp-json\/wp\/v2\/pages\/220506\/revisions"}],"predecessor-version":[{"id":248263,"href":"https:\/\/labullangabcn.com\/es\/wp-json\/wp\/v2\/pages\/220506\/revisions\/248263"}],"wp:attachment":[{"href":"https:\/\/labullangabcn.com\/es\/wp-json\/wp\/v2\/media?parent=220506"}],"curies":[{"name":"wp","href":"https:\/\/api.w.org\/{rel}","templated":true}]}}